{"id":348,"date":"2018-02-20T17:19:45","date_gmt":"2018-02-20T16:19:45","guid":{"rendered":"https:\/\/www.caravenue-rent.lu\/fleet\/"},"modified":"2018-05-31T11:04:22","modified_gmt":"2018-05-31T09:04:22","slug":"flotte","status":"publish","type":"page","link":"https:\/\/www.caravenue-rent.lu\/de\/firmenkunden\/flotte\/","title":{"rendered":"Flotte"},"content":{"rendered":"<h2>Mieten Sie einen PKW, der zu den Bed\u00fcrfnissen Ihrer Mitarbeiter und Kunden passt<\/h2>\n<h3>Fuhrparkbetreiber, Flotten-Manager, F\u00fchrungskr\u00e4fte in Luxemburg&#8230;<\/h3>\n<h3>F\u00fcr Ihre Vertriebsmitarbeiter oder Ihre h\u00f6heren Angestellten, in einer Probezeit oder aushilfsweise&#8230;<\/h3>\n<p>Sind Sie Flotten-Manager in Ihrem Unternehmen und sind Sie mit dem Kauf, der Wartung und der Erneuerung Ihres Automobilparks beauftragt?<\/p>\n<p>Autolux steht Ihnen mit Rat und Tat zur Seite, um Sie hinsichtlich Ihres Lastenhefts zu unterst\u00fctzen, damit die Bed\u00fcrfnisse aller Ihrer Benutzer zufriedengestellt werden.<\/p>\n<h3>Stadtautos, Limousinen, SUV: eine breitgef\u00e4cherte Auswahl an Pkws f\u00fcr jedes Budget<\/h3>\n<p>Wir haben eine ganze Auswahl an Pkws, um die Hauptsuchkriterien der H\u00e4ndler und leitenden Angestellten zu erf\u00fcllen: Fahrkomfort, ger\u00e4umiger Fahrgastraum, gro\u00dfer Kofferraum, Navigationssysteme auf dem neuesten Stand der Technik, etc.<\/p>\n<h3>Spezifische Angebote f\u00fcr Unternehmen<\/h3>\n<p>Weil jedes Unternehmen einzigartig ist, beraten wir die Flotten-Manager bei der Auswahl der zur T\u00e4tigkeit des Unternehmens passenden Pkws: unsere Berater setzen sich mit Ihnen zusammen und schauen sich mit Ihnen die unterschiedlichen Verwendungszwecke an (Fahrten durch die Stadt oder Langstrecke, Kofferraumgr\u00f6\u00dfe, Ausstattung und Optionen) f\u00fcr jede Art von Benutzer.<\/p>\n<p>Ganz gleich ob es sich um H\u00e4ndler, Au\u00dfendienstpersonal oder auch Mitglieder der Gesch\u00e4ftsleitung handelt, Autolux unterst\u00fctzt Sie bei der Erstellung eines ma\u00dfgeschneiderten Automobilparks.<\/p>\n<p>Profitieren Sie von einem Sondertarif f\u00fcr Unternehmen &#8211; flexibel und variabel.<\/p>\n<p>Treten Sie in Kontakt mit einem unserer Berater, um weitere Informationen \u00fcber unser Flottenangebot zu erhalten.<\/p>\n","protected":false},"excerpt":{"rendered":"<p>Mieten Sie einen PKW, der zu den Bed\u00fcrfnissen Ihrer Mitarbeiter und Kunden passt Fuhrparkbetreiber, Flotten-Manager, F\u00fchrungskr\u00e4fte in Luxemburg&#8230; F\u00fcr Ihre Vertriebsmitarbeiter oder Ihre h\u00f6heren Angestellten, in einer Probezeit oder aushilfsweise&#8230; Sind Sie Flotten-Manager in Ihrem Unternehmen und sind Sie mit dem Kauf, der Wartung und der Erneuerung Ihres Automobilparks beauftragt? Autolux steht Ihnen mit Rat&#8230;<\/p>\n","protected":false},"author":6,"featured_media":0,"parent":360,"menu_order":2,"comment_status":"closed","ping_status":"closed","template":"","meta":{"_acf_changed":false,"footnotes":""},"class_list":["post-348","page","type-page","status-publish","hentry"],"acf":[],"yoast_head":"<!-- This site is optimized with the Yoast SEO plugin v26.4 - https:\/\/yoast.com\/wordpress\/plugins\/seo\/ -->\n<title>Autolux - Rodenbourg Mobility - Flotte<\/title>\n<meta name=\"description\" content=\"Mieten Sie einen Pkw, der zu den Bed\u00fcrfnissen Ihrer Mitarbeiter und Kunden passt Autolux steht Ihnen mit Rat und Tat zur Seite, um Sie hinsichtlich Ihres Lastenhefts zu unterst\u00fctzen, damit die Bed\u00fcrfnisse aller Ihrer Benutzer zufriedengestellt werden.\" \/>\n<meta name=\"robots\" content=\"index, follow, max-snippet:-1, max-image-preview:large, max-video-preview:-1\" \/>\n<link rel=\"canonical\" href=\"https:\/\/www.caravenue-rent.lu\/professionnels\/fleet\/\" \/>\n<meta property=\"og:locale\" content=\"de_DE\" \/>\n<meta property=\"og:type\" content=\"article\" \/>\n<meta property=\"og:title\" content=\"Autolux - Rodenbourg Mobility - Flotte\" \/>\n<meta property=\"og:description\" content=\"Mieten Sie einen Pkw, der zu den Bed\u00fcrfnissen Ihrer Mitarbeiter und Kunden passt Autolux steht Ihnen mit Rat und Tat zur Seite, um Sie hinsichtlich Ihres Lastenhefts zu unterst\u00fctzen, damit die Bed\u00fcrfnisse aller Ihrer Benutzer zufriedengestellt werden.\" \/>\n<meta property=\"og:url\" content=\"https:\/\/www.caravenue-rent.lu\/professionnels\/fleet\/\" \/>\n<meta property=\"og:site_name\" content=\"Car Avenue Rent Luxembourg\" \/>\n<meta property=\"article:publisher\" content=\"https:\/\/www.facebook.com\/caravenueluxembourg\" \/>\n<meta property=\"article:modified_time\" content=\"2018-05-31T09:04:22+00:00\" \/>\n<meta name=\"twitter:card\" content=\"summary_large_image\" \/>\n<meta name=\"twitter:label1\" content=\"Est. reading time\" \/>\n\t<meta name=\"twitter:data1\" content=\"1 Minute\" \/>\n<script type=\"application\/ld+json\" class=\"yoast-schema-graph\">{\"@context\":\"https:\/\/schema.org\",\"@graph\":[{\"@type\":\"WebPage\",\"@id\":\"https:\/\/www.caravenue-rent.lu\/professionnels\/fleet\/\",\"url\":\"https:\/\/www.caravenue-rent.lu\/professionnels\/fleet\/\",\"name\":\"Autolux - Rodenbourg Mobility - Flotte\",\"isPartOf\":{\"@id\":\"https:\/\/www.caravenue-rent.lu\/#website\"},\"datePublished\":\"2018-02-20T16:19:45+00:00\",\"dateModified\":\"2018-05-31T09:04:22+00:00\",\"description\":\"Mieten Sie einen Pkw, der zu den Bed\u00fcrfnissen Ihrer Mitarbeiter und Kunden passt Autolux steht Ihnen mit Rat und Tat zur Seite, um Sie hinsichtlich Ihres Lastenhefts zu unterst\u00fctzen, damit die Bed\u00fcrfnisse aller Ihrer Benutzer zufriedengestellt werden.\",\"breadcrumb\":{\"@id\":\"https:\/\/www.caravenue-rent.lu\/professionnels\/fleet\/#breadcrumb\"},\"inLanguage\":\"de-DE\",\"potentialAction\":[{\"@type\":\"ReadAction\",\"target\":[\"https:\/\/www.caravenue-rent.lu\/professionnels\/fleet\/\"]}]},{\"@type\":\"BreadcrumbList\",\"@id\":\"https:\/\/www.caravenue-rent.lu\/professionnels\/fleet\/#breadcrumb\",\"itemListElement\":[{\"@type\":\"ListItem\",\"position\":1,\"name\":\"Accueil\",\"item\":\"https:\/\/www.caravenue-rent.lu\/de\/\"},{\"@type\":\"ListItem\",\"position\":2,\"name\":\"Firmenkunden\",\"item\":\"https:\/\/www.caravenue-rent.lu\/professionnels\/\"},{\"@type\":\"ListItem\",\"position\":3,\"name\":\"Flotte\"}]},{\"@type\":\"WebSite\",\"@id\":\"https:\/\/www.caravenue-rent.lu\/#website\",\"url\":\"https:\/\/www.caravenue-rent.lu\/\",\"name\":\"CAR Avenue RENT Luxembourg\",\"description\":\"\",\"potentialAction\":[{\"@type\":\"SearchAction\",\"target\":{\"@type\":\"EntryPoint\",\"urlTemplate\":\"https:\/\/www.caravenue-rent.lu\/?s={search_term_string}\"},\"query-input\":{\"@type\":\"PropertyValueSpecification\",\"valueRequired\":true,\"valueName\":\"search_term_string\"}}],\"inLanguage\":\"de-DE\"}]}<\/script>\n<!-- \/ Yoast SEO plugin. -->","yoast_head_json":{"title":"Autolux - Rodenbourg Mobility - Flotte","description":"Mieten Sie einen Pkw, der zu den Bed\u00fcrfnissen Ihrer Mitarbeiter und Kunden passt Autolux steht Ihnen mit Rat und Tat zur Seite, um Sie hinsichtlich Ihres Lastenhefts zu unterst\u00fctzen, damit die Bed\u00fcrfnisse aller Ihrer Benutzer zufriedengestellt werden.","robots":{"index":"index","follow":"follow","max-snippet":"max-snippet:-1","max-image-preview":"max-image-preview:large","max-video-preview":"max-video-preview:-1"},"canonical":"https:\/\/www.caravenue-rent.lu\/professionnels\/fleet\/","og_locale":"de_DE","og_type":"article","og_title":"Autolux - Rodenbourg Mobility - Flotte","og_description":"Mieten Sie einen Pkw, der zu den Bed\u00fcrfnissen Ihrer Mitarbeiter und Kunden passt Autolux steht Ihnen mit Rat und Tat zur Seite, um Sie hinsichtlich Ihres Lastenhefts zu unterst\u00fctzen, damit die Bed\u00fcrfnisse aller Ihrer Benutzer zufriedengestellt werden.","og_url":"https:\/\/www.caravenue-rent.lu\/professionnels\/fleet\/","og_site_name":"Car Avenue Rent Luxembourg","article_publisher":"https:\/\/www.facebook.com\/caravenueluxembourg","article_modified_time":"2018-05-31T09:04:22+00:00","twitter_card":"summary_large_image","twitter_misc":{"Est. reading time":"1 Minute"},"schema":{"@context":"https:\/\/schema.org","@graph":[{"@type":"WebPage","@id":"https:\/\/www.caravenue-rent.lu\/professionnels\/fleet\/","url":"https:\/\/www.caravenue-rent.lu\/professionnels\/fleet\/","name":"Autolux - Rodenbourg Mobility - Flotte","isPartOf":{"@id":"https:\/\/www.caravenue-rent.lu\/#website"},"datePublished":"2018-02-20T16:19:45+00:00","dateModified":"2018-05-31T09:04:22+00:00","description":"Mieten Sie einen Pkw, der zu den Bed\u00fcrfnissen Ihrer Mitarbeiter und Kunden passt Autolux steht Ihnen mit Rat und Tat zur Seite, um Sie hinsichtlich Ihres Lastenhefts zu unterst\u00fctzen, damit die Bed\u00fcrfnisse aller Ihrer Benutzer zufriedengestellt werden.","breadcrumb":{"@id":"https:\/\/www.caravenue-rent.lu\/professionnels\/fleet\/#breadcrumb"},"inLanguage":"de-DE","potentialAction":[{"@type":"ReadAction","target":["https:\/\/www.caravenue-rent.lu\/professionnels\/fleet\/"]}]},{"@type":"BreadcrumbList","@id":"https:\/\/www.caravenue-rent.lu\/professionnels\/fleet\/#breadcrumb","itemListElement":[{"@type":"ListItem","position":1,"name":"Accueil","item":"https:\/\/www.caravenue-rent.lu\/de\/"},{"@type":"ListItem","position":2,"name":"Firmenkunden","item":"https:\/\/www.caravenue-rent.lu\/professionnels\/"},{"@type":"ListItem","position":3,"name":"Flotte"}]},{"@type":"WebSite","@id":"https:\/\/www.caravenue-rent.lu\/#website","url":"https:\/\/www.caravenue-rent.lu\/","name":"CAR Avenue RENT Luxembourg","description":"","potentialAction":[{"@type":"SearchAction","target":{"@type":"EntryPoint","urlTemplate":"https:\/\/www.caravenue-rent.lu\/?s={search_term_string}"},"query-input":{"@type":"PropertyValueSpecification","valueRequired":true,"valueName":"search_term_string"}}],"inLanguage":"de-DE"}]}},"_links":{"self":[{"href":"https:\/\/www.caravenue-rent.lu\/de\/wp-json\/wp\/v2\/pages\/348","targetHints":{"allow":["GET"]}}],"collection":[{"href":"https:\/\/www.caravenue-rent.lu\/de\/wp-json\/wp\/v2\/pages"}],"about":[{"href":"https:\/\/www.caravenue-rent.lu\/de\/wp-json\/wp\/v2\/types\/page"}],"author":[{"embeddable":true,"href":"https:\/\/www.caravenue-rent.lu\/de\/wp-json\/wp\/v2\/users\/6"}],"replies":[{"embeddable":true,"href":"https:\/\/www.caravenue-rent.lu\/de\/wp-json\/wp\/v2\/comments?post=348"}],"version-history":[{"count":5,"href":"https:\/\/www.caravenue-rent.lu\/de\/wp-json\/wp\/v2\/pages\/348\/revisions"}],"predecessor-version":[{"id":1460,"href":"https:\/\/www.caravenue-rent.lu\/de\/wp-json\/wp\/v2\/pages\/348\/revisions\/1460"}],"up":[{"embeddable":true,"href":"https:\/\/www.caravenue-rent.lu\/de\/wp-json\/wp\/v2\/pages\/360"}],"wp:attachment":[{"href":"https:\/\/www.caravenue-rent.lu\/de\/wp-json\/wp\/v2\/media?parent=348"}],"curies":[{"name":"wp","href":"https:\/\/api.w.org\/{rel}","templated":true}]}}