{"id":376,"date":"2018-01-09T12:23:18","date_gmt":"2018-01-09T11:23:18","guid":{"rendered":"https:\/\/www.caravenue-rent.lu\/contact\/"},"modified":"2018-05-29T14:52:33","modified_gmt":"2018-05-29T12:52:33","slug":"contact","status":"publish","type":"page","link":"https:\/\/www.caravenue-rent.lu\/de\/contact\/","title":{"rendered":"Kontakt"},"content":{"rendered":"<h2>Kontakt<\/h2>\n","protected":false},"excerpt":{"rendered":"<p>Kontakt<\/p>\n","protected":false},"author":6,"featured_media":0,"parent":0,"menu_order":6,"comment_status":"closed","ping_status":"closed","template":"templates\/Contact.php","meta":{"_acf_changed":false,"footnotes":""},"class_list":["post-376","page","type-page","status-publish","hentry"],"acf":[],"yoast_head":"<!-- This site is optimized with the Yoast SEO plugin v26.4 - https:\/\/yoast.com\/wordpress\/plugins\/seo\/ -->\n<title>Autolux - Rodenbourg Mobility - Kontakt<\/title>\n<meta name=\"description\" content=\"Ben\u00f6tigen Sie Hilfe? Sie k\u00f6nnen uns unter (+352) 22 11 81 26 erreichen. Sie k\u00f6nnen auch direkt \u00fcber unser Online-Kontaktformular mit uns Kontakt aufnehmen.\" \/>\n<meta name=\"robots\" content=\"index, follow, max-snippet:-1, max-image-preview:large, max-video-preview:-1\" \/>\n<link rel=\"canonical\" href=\"https:\/\/www.caravenue-rent.lu\/contact\/\" \/>\n<meta property=\"og:locale\" content=\"de_DE\" \/>\n<meta property=\"og:type\" content=\"article\" \/>\n<meta property=\"og:title\" content=\"Autolux - Rodenbourg Mobility - Kontakt\" \/>\n<meta property=\"og:description\" content=\"Ben\u00f6tigen Sie Hilfe? Sie k\u00f6nnen uns unter (+352) 22 11 81 26 erreichen. Sie k\u00f6nnen auch direkt \u00fcber unser Online-Kontaktformular mit uns Kontakt aufnehmen.\" \/>\n<meta property=\"og:url\" content=\"https:\/\/www.caravenue-rent.lu\/contact\/\" \/>\n<meta property=\"og:site_name\" content=\"Car Avenue Rent Luxembourg\" \/>\n<meta property=\"article:publisher\" content=\"https:\/\/www.facebook.com\/caravenueluxembourg\" \/>\n<meta property=\"article:modified_time\" content=\"2018-05-29T12:52:33+00:00\" \/>\n<meta name=\"twitter:card\" content=\"summary_large_image\" \/>\n<script type=\"application\/ld+json\" class=\"yoast-schema-graph\">{\"@context\":\"https:\/\/schema.org\",\"@graph\":[{\"@type\":\"WebPage\",\"@id\":\"https:\/\/www.caravenue-rent.lu\/contact\/\",\"url\":\"https:\/\/www.caravenue-rent.lu\/contact\/\",\"name\":\"Autolux - Rodenbourg Mobility - Kontakt\",\"isPartOf\":{\"@id\":\"https:\/\/www.caravenue-rent.lu\/#website\"},\"datePublished\":\"2018-01-09T11:23:18+00:00\",\"dateModified\":\"2018-05-29T12:52:33+00:00\",\"description\":\"Ben\u00f6tigen Sie Hilfe? Sie k\u00f6nnen uns unter (+352) 22 11 81 26 erreichen. Sie k\u00f6nnen auch direkt \u00fcber unser Online-Kontaktformular mit uns Kontakt aufnehmen.\",\"breadcrumb\":{\"@id\":\"https:\/\/www.caravenue-rent.lu\/contact\/#breadcrumb\"},\"inLanguage\":\"de-DE\",\"potentialAction\":[{\"@type\":\"ReadAction\",\"target\":[\"https:\/\/www.caravenue-rent.lu\/contact\/\"]}]},{\"@type\":\"BreadcrumbList\",\"@id\":\"https:\/\/www.caravenue-rent.lu\/contact\/#breadcrumb\",\"itemListElement\":[{\"@type\":\"ListItem\",\"position\":1,\"name\":\"Accueil\",\"item\":\"https:\/\/www.caravenue-rent.lu\/de\/\"},{\"@type\":\"ListItem\",\"position\":2,\"name\":\"Kontakt\"}]},{\"@type\":\"WebSite\",\"@id\":\"https:\/\/www.caravenue-rent.lu\/#website\",\"url\":\"https:\/\/www.caravenue-rent.lu\/\",\"name\":\"CAR Avenue RENT Luxembourg\",\"description\":\"\",\"potentialAction\":[{\"@type\":\"SearchAction\",\"target\":{\"@type\":\"EntryPoint\",\"urlTemplate\":\"https:\/\/www.caravenue-rent.lu\/?s={search_term_string}\"},\"query-input\":{\"@type\":\"PropertyValueSpecification\",\"valueRequired\":true,\"valueName\":\"search_term_string\"}}],\"inLanguage\":\"de-DE\"}]}<\/script>\n<!-- \/ Yoast SEO plugin. -->","yoast_head_json":{"title":"Autolux - Rodenbourg Mobility - Kontakt","description":"Ben\u00f6tigen Sie Hilfe? Sie k\u00f6nnen uns unter (+352) 22 11 81 26 erreichen. Sie k\u00f6nnen auch direkt \u00fcber unser Online-Kontaktformular mit uns Kontakt aufnehmen.","robots":{"index":"index","follow":"follow","max-snippet":"max-snippet:-1","max-image-preview":"max-image-preview:large","max-video-preview":"max-video-preview:-1"},"canonical":"https:\/\/www.caravenue-rent.lu\/contact\/","og_locale":"de_DE","og_type":"article","og_title":"Autolux - Rodenbourg Mobility - Kontakt","og_description":"Ben\u00f6tigen Sie Hilfe? Sie k\u00f6nnen uns unter (+352) 22 11 81 26 erreichen. Sie k\u00f6nnen auch direkt \u00fcber unser Online-Kontaktformular mit uns Kontakt aufnehmen.","og_url":"https:\/\/www.caravenue-rent.lu\/contact\/","og_site_name":"Car Avenue Rent Luxembourg","article_publisher":"https:\/\/www.facebook.com\/caravenueluxembourg","article_modified_time":"2018-05-29T12:52:33+00:00","twitter_card":"summary_large_image","schema":{"@context":"https:\/\/schema.org","@graph":[{"@type":"WebPage","@id":"https:\/\/www.caravenue-rent.lu\/contact\/","url":"https:\/\/www.caravenue-rent.lu\/contact\/","name":"Autolux - Rodenbourg Mobility - Kontakt","isPartOf":{"@id":"https:\/\/www.caravenue-rent.lu\/#website"},"datePublished":"2018-01-09T11:23:18+00:00","dateModified":"2018-05-29T12:52:33+00:00","description":"Ben\u00f6tigen Sie Hilfe? Sie k\u00f6nnen uns unter (+352) 22 11 81 26 erreichen. Sie k\u00f6nnen auch direkt \u00fcber unser Online-Kontaktformular mit uns Kontakt aufnehmen.","breadcrumb":{"@id":"https:\/\/www.caravenue-rent.lu\/contact\/#breadcrumb"},"inLanguage":"de-DE","potentialAction":[{"@type":"ReadAction","target":["https:\/\/www.caravenue-rent.lu\/contact\/"]}]},{"@type":"BreadcrumbList","@id":"https:\/\/www.caravenue-rent.lu\/contact\/#breadcrumb","itemListElement":[{"@type":"ListItem","position":1,"name":"Accueil","item":"https:\/\/www.caravenue-rent.lu\/de\/"},{"@type":"ListItem","position":2,"name":"Kontakt"}]},{"@type":"WebSite","@id":"https:\/\/www.caravenue-rent.lu\/#website","url":"https:\/\/www.caravenue-rent.lu\/","name":"CAR Avenue RENT Luxembourg","description":"","potentialAction":[{"@type":"SearchAction","target":{"@type":"EntryPoint","urlTemplate":"https:\/\/www.caravenue-rent.lu\/?s={search_term_string}"},"query-input":{"@type":"PropertyValueSpecification","valueRequired":true,"valueName":"search_term_string"}}],"inLanguage":"de-DE"}]}},"_links":{"self":[{"href":"https:\/\/www.caravenue-rent.lu\/de\/wp-json\/wp\/v2\/pages\/376","targetHints":{"allow":["GET"]}}],"collection":[{"href":"https:\/\/www.caravenue-rent.lu\/de\/wp-json\/wp\/v2\/pages"}],"about":[{"href":"https:\/\/www.caravenue-rent.lu\/de\/wp-json\/wp\/v2\/types\/page"}],"author":[{"embeddable":true,"href":"https:\/\/www.caravenue-rent.lu\/de\/wp-json\/wp\/v2\/users\/6"}],"replies":[{"embeddable":true,"href":"https:\/\/www.caravenue-rent.lu\/de\/wp-json\/wp\/v2\/comments?post=376"}],"version-history":[{"count":3,"href":"https:\/\/www.caravenue-rent.lu\/de\/wp-json\/wp\/v2\/pages\/376\/revisions"}],"predecessor-version":[{"id":1456,"href":"https:\/\/www.caravenue-rent.lu\/de\/wp-json\/wp\/v2\/pages\/376\/revisions\/1456"}],"wp:attachment":[{"href":"https:\/\/www.caravenue-rent.lu\/de\/wp-json\/wp\/v2\/media?parent=376"}],"curies":[{"name":"wp","href":"https:\/\/api.w.org\/{rel}","templated":true}]}}